{"id":419,"date":"2025-10-21T21:54:35","date_gmt":"2025-10-21T21:54:35","guid":{"rendered":"https:\/\/www.artesanialeonor.es\/index.php\/producto\/producto\/"},"modified":"2026-03-04T22:53:35","modified_gmt":"2026-03-04T22:53:35","slug":"producto","status":"publish","type":"product","link":"https:\/\/www.artesanialeonor.es\/index.php\/producto\/producto\/","title":{"rendered":"Castillo de Marcilla"},"content":{"rendered":"<p>\ud83c\udff0 Castillo de Marcilla en efecto m\u00e1rmol<\/p>\n<p>Hecho con cari\u00f1o en PLA de efecto m\u00e1rmol, este peque\u00f1o Castillo de Marcilla es una pieza decorativa que rinde homenaje a uno de los lugares m\u00e1s queridos de nuestra tierra.<\/p>\n<p>La peana lleva grabado \u201cCastillo de Marcilla\u201d, pero si lo prefieres, puedo personalizarla con el nombre o mensaje que t\u00fa elijas. Cada personalizaci\u00f3n se realiza a mano y estar\u00e1 lista en unas 48 horas aproximadamente.<\/p>\n<p>\ud83d\udccf Tama\u00f1os disponibles:<\/p>\n<p>18 x 18 x 8,2 cm \u2013 18 \u20ac<\/p>\n<p>12 x 12 x 5,6 cm \u2013 12 \u20ac<\/p>\n<p>\ud83c\udfa8 Opciones:<\/p>\n<p>Puedo hacerlo tambi\u00e9n en otros colores, para que combine con tu estilo o decoraci\u00f3n.<\/p>\n<h4 data-start=\"1097\" data-end=\"1125\"><strong>\ud83d\ude9a Env\u00edos y recogidas:<\/strong><\/h4>\n<ul data-start=\"1126\" data-end=\"1293\">\n<li data-start=\"1126\" data-end=\"1181\">\n<h4 data-start=\"1128\" data-end=\"1181\"><strong>Recogida gratuita en Bermeo (punto de entrega).<\/strong><\/h4>\n<\/li>\n<li data-start=\"1182\" data-end=\"1245\">\n<h4 data-start=\"1184\" data-end=\"1245\"><strong data-start=\"1184\" data-end=\"1243\">Entregas sin coste adicional en la comarca de Pamplona.<\/strong><\/h4>\n<\/li>\n<li data-start=\"1246\" data-end=\"1293\">\n<h4 data-start=\"1248\" data-end=\"1293\"><strong data-start=\"1248\" data-end=\"1291\">Resto de env\u00edos: tarifa fija de 7 \u20ac.<\/strong><\/h4>\n<\/li>\n<\/ul>\n<h4 data-start=\"1295\" data-end=\"1319\"><strong>\ud83d\udcb3 Formas de pago:<\/strong><\/h4>\n<ul>\n<li style=\"list-style-type: none;\">\n<ul data-start=\"1320\" data-end=\"1423\">\n<li data-start=\"1320\" data-end=\"1350\">\n<h4 data-start=\"1322\" data-end=\"1350\"><strong data-start=\"1322\" data-end=\"1348\">Transferencia bancaria<\/strong><\/h4>\n<\/li>\n<li data-start=\"1351\" data-end=\"1364\">\n<h4 data-start=\"1353\" data-end=\"1364\"><strong data-start=\"1353\" data-end=\"1362\">Bizum<\/strong><\/h4>\n<\/li>\n<li data-start=\"1365\" data-end=\"1423\">\n<h4 data-start=\"1367\" data-end=\"1423\"><strong>Pago con tarjeta directamente en la web<\/strong><\/h4>\n<\/li>\n<\/ul>\n<\/li>\n<\/ul>\n","protected":false},"excerpt":{"rendered":"<p>\ud83c\udff0 Castillo de Marcilla en efecto m\u00e1rmol Hecho con cari\u00f1o en PLA de efecto m\u00e1rmol, este peque\u00f1o Castillo de Marcilla es una pieza decorativa que rinde homenaje a uno de los lugares m\u00e1s queridos de nuestra tierra. La peana lleva grabado \u201cCastillo de Marcilla\u201d, pero si lo prefieres, puedo personalizarla con el nombre o mensaje [&hellip;]<\/p>\n","protected":false},"featured_media":415,"comment_status":"open","ping_status":"closed","template":"","meta":{"_crdt_document":"","_regular_price":["18"],"currency_symbol":[]},"product_brand":[],"product_cat":[16],"product_tag":[],"class_list":{"0":"post-419","1":"product","2":"type-product","3":"status-publish","4":"has-post-thumbnail","6":"product_cat-sin-categorizar","7":"product_shipping_class-paquete-normal","9":"first","10":"instock","11":"purchasable","12":"product-type-simple"},"post_slider_layout_featured_media_urls":{"thumbnail":["https:\/\/www.artesanialeonor.es\/wp-content\/uploads\/2025\/10\/1000098067-1-150x150.jpg",150,150,true],"post_slider_layout_landscape_large":["https:\/\/www.artesanialeonor.es\/wp-content\/uploads\/2025\/10\/1000098067-1-scaled.jpg",600,800,false],"post_slider_layout_portrait_large":["https:\/\/www.artesanialeonor.es\/wp-content\/uploads\/2025\/10\/1000098067-1-scaled.jpg",1200,1600,false],"post_slider_layout_square_large":["https:\/\/www.artesanialeonor.es\/wp-content\/uploads\/2025\/10\/1000098067-1-scaled.jpg",900,1200,false],"post_slider_layout_landscape":["https:\/\/www.artesanialeonor.es\/wp-content\/uploads\/2025\/10\/1000098067-1-scaled.jpg",300,400,false],"post_slider_layout_portrait":["https:\/\/www.artesanialeonor.es\/wp-content\/uploads\/2025\/10\/1000098067-1-scaled.jpg",600,800,false],"post_slider_layout_square":["https:\/\/www.artesanialeonor.es\/wp-content\/uploads\/2025\/10\/1000098067-1-scaled.jpg",450,600,false],"full":["https:\/\/www.artesanialeonor.es\/wp-content\/uploads\/2025\/10\/1000098067-1-scaled.jpg",1920,2560,false]},"jetpack_sharing_enabled":true,"_links":{"self":[{"href":"https:\/\/www.artesanialeonor.es\/index.php\/wp-json\/wp\/v2\/product\/419","targetHints":{"allow":["GET"]}}],"collection":[{"href":"https:\/\/www.artesanialeonor.es\/index.php\/wp-json\/wp\/v2\/product"}],"about":[{"href":"https:\/\/www.artesanialeonor.es\/index.php\/wp-json\/wp\/v2\/types\/product"}],"replies":[{"embeddable":true,"href":"https:\/\/www.artesanialeonor.es\/index.php\/wp-json\/wp\/v2\/comments?post=419"}],"wp:featuredmedia":[{"embeddable":true,"href":"https:\/\/www.artesanialeonor.es\/index.php\/wp-json\/wp\/v2\/media\/415"}],"wp:attachment":[{"href":"https:\/\/www.artesanialeonor.es\/index.php\/wp-json\/wp\/v2\/media?parent=419"}],"wp:term":[{"taxonomy":"product_brand","embeddable":true,"href":"https:\/\/www.artesanialeonor.es\/index.php\/wp-json\/wp\/v2\/product_brand?post=419"},{"taxonomy":"product_cat","embeddable":true,"href":"https:\/\/www.artesanialeonor.es\/index.php\/wp-json\/wp\/v2\/product_cat?post=419"},{"taxonomy":"product_tag","embeddable":true,"href":"https:\/\/www.artesanialeonor.es\/index.php\/wp-json\/wp\/v2\/product_tag?post=419"}],"curies":[{"name":"wp","href":"https:\/\/api.w.org\/{rel}","templated":true}]}}